{"id":18955,"date":"2025-10-30T10:01:54","date_gmt":"2025-10-30T14:01:54","guid":{"rendered":"https:\/\/buildingonfund.ca\/?page_id=18955"},"modified":"2025-12-15T15:51:24","modified_gmt":"2025-12-15T20:51:24","slug":"iofp-technical-advisory-roundtable","status":"publish","type":"page","link":"https:\/\/buildingonfund.ca\/fr\/iofp-technical-advisory-roundtable\/","title":{"rendered":"Table ronde consultative technique du PFIA"},"content":{"rendered":"<div data-elementor-type=\"wp-page\" data-elementor-id=\"18955\" class=\"elementor elementor-18955\" data-elementor-post-type=\"page\">\n\t\t\t\t<div class=\"elementor-element elementor-element-102e20b e-con-full e-flex e-con e-parent\" data-id=\"102e20b\" data-element_type=\"container\" data-e-type=\"container\">\n\t\t\t\t<div class=\"elementor-element elementor-element-808e0e0 elementor-widget elementor-widget-image\" data-id=\"808e0e0\" data-element_type=\"widget\" data-e-type=\"widget\" data-widget_type=\"image.default\">\n\t\t\t\t<div class=\"elementor-widget-container\">\n\t\t\t\t\t\t\t\t\t\t\t\t\t\t\t<img decoding=\"async\" width=\"1024\" height=\"11\" src=\"https:\/\/buildingonfund.ca\/wp-content\/uploads\/Rectangle-67-1024x11.png\" class=\"attachment-large size-large wp-image-13109\" alt=\"\" srcset=\"https:\/\/buildingonfund.ca\/wp-content\/uploads\/Rectangle-67-1024x11.png 1024w, https:\/\/buildingonfund.ca\/wp-content\/uploads\/Rectangle-67-300x3.png 300w, https:\/\/buildingonfund.ca\/wp-content\/uploads\/Rectangle-67-768x9.png 768w, https:\/\/buildingonfund.ca\/wp-content\/uploads\/Rectangle-67-18x1.png 18w, https:\/\/buildingonfund.ca\/wp-content\/uploads\/Rectangle-67.png 1440w\" sizes=\"(max-width: 1024px) 100vw, 1024px\" \/>\t\t\t\t\t\t\t\t\t\t\t\t\t\t\t<\/div>\n\t\t\t\t<\/div>\n\t\t\t\t<\/div>\n\t\t<div class=\"elementor-element elementor-element-4207df8 e-flex e-con-boxed e-con e-parent\" data-id=\"4207df8\" data-element_type=\"container\" data-e-type=\"container\">\n\t\t\t\t\t<div class=\"e-con-inner\">\n\t\t<div class=\"elementor-element elementor-element-f9505b0 e-con-full e-flex e-con e-child\" data-id=\"f9505b0\" data-element_type=\"container\" data-e-type=\"container\">\n\t\t\t\t<div class=\"elementor-element elementor-element-ea1712f elementor-widget elementor-widget-html\" data-id=\"ea1712f\" data-element_type=\"widget\" data-e-type=\"widget\" data-widget_type=\"html.default\">\n\t\t\t\t<div class=\"elementor-widget-container\">\n\t\t\t\t\t<!-- IOFP Top Banner (Modern \/ Ultra-Wide \u2013 1600px) -->\r\n<section class=\"iopf-hero iopf-scope\" aria-label=\"Table ronde consultative technique du PFIA\">\r\n  <div class=\"iopf-hero__inner\">\r\n    <div class=\"iopf-hero__card\">\r\n\r\n      <h1 class=\"iopf-hero__title\">Table ronde consultative technique du PFIA<\/h1>\r\n\r\n      <div class=\"iopf-hero__meta\" role=\"list\">\r\n        <span class=\"iopf-hero__chip\" role=\"listitem\">\r\n          Jeudi 27 novembre 2025\r\n        <\/span>\r\n\r\n        <span class=\"iopf-hero__chip\" role=\"listitem\">\r\n          13 h \u00e0 15 h HE\r\n        <\/span>\r\n\r\n        <span class=\"iopf-hero__chip\" role=\"listitem\">\r\n          Centre ontarien des investissements et du commerce \r\n          <span class=\"iopf-hero__muted\">\u2002(Hybride)<\/span>\r\n        <\/span>\r\n      <\/div>\r\n\r\n    <\/div>\r\n  <\/div>\r\n<\/section>\r\n\r\n<style>\r\n  .iopf-scope{\r\n    --bof-blue:#047BC1;\r\n    --bof-deep:#003060;\r\n    --ink:#0b1220;\r\n    --line:#dbe6f0;\r\n    --bg1:#f4f9ff;\r\n    --bg2:#ffffff;\r\n    --radius:20px;\r\n  }\r\n\r\n  .iopf-hero{\r\n    width:100vw;\r\n    margin-left:calc(-50vw + 50%);\r\n    padding:56px 0 60px;\r\n    background:\r\n      radial-gradient(1400px 520px at 18% 0%, rgba(4,123,193,.18) 0%, rgba(4,123,193,0) 55%),\r\n      radial-gradient(1200px 460px at 88% 12%, rgba(0,48,96,.12) 0%, rgba(0,48,96,0) 55%),\r\n      linear-gradient(180deg, var(--bg2) 0%, var(--bg1) 100%);\r\n    border-bottom:1px solid var(--line);\r\n    font-family:\"Raleway\",-apple-system,BlinkMacSystemFont,\"Segoe UI\",Roboto,Arial,sans-serif;\r\n  }\r\n\r\n  .iopf-hero__inner{\r\n    max-width:1500px;\r\n    margin:0 auto;\r\n    padding:0 40px;\r\n  }\r\n\r\n  .iopf-hero__card{\r\n    position:relative;\r\n    padding:30px 32px 28px;\r\n    border-radius:var(--radius);\r\n    background:rgba(255,255,255,.78);\r\n    border:1px solid rgba(219,230,240,.9);\r\n    box-shadow:\r\n      0 24px 70px rgba(0,0,0,.08),\r\n      0 4px 14px rgba(0,0,0,.05);\r\n    backdrop-filter: blur(12px);\r\n    -webkit-backdrop-filter: blur(12px);\r\n    overflow:hidden;\r\n  }\r\n\r\n  .iopf-hero__card::before{\r\n    content:\"\";\r\n    position:absolute;\r\n    inset:0 0 auto 0;\r\n    height:4px;\r\n    background:linear-gradient(90deg, var(--bof-blue), var(--bof-deep));\r\n  }\r\n\r\n  .iopf-hero__title{\r\n    margin:0 0 18px;\r\n    color:var(--bof-deep);\r\n    font-size:48px;\r\n    line-height:1.1;\r\n    font-weight:700;\r\n    letter-spacing:.25px;\r\n  }\r\n\r\n  .iopf-hero__meta{\r\n    display:flex;\r\n    flex-wrap:wrap;\r\n    gap:12px;\r\n  }\r\n\r\n  .iopf-hero__chip{\r\n    display:inline-flex;\r\n    align-items:center;\r\n    padding:12px 16px;\r\n    border-radius:14px;\r\n    background:#fff;\r\n    border:1px solid rgba(219,230,240,.9);\r\n    color:var(--ink);\r\n    font-size:17px;\r\n    font-weight:600;\r\n  }\r\n\r\n  .iopf-hero__muted{\r\n    color:#5f6f82;\r\n    font-weight:500;\r\n  }\r\n\r\n  @media (max-width: 900px){\r\n    .iopf-hero{ padding:40px 0 44px; }\r\n    .iopf-hero__inner{ padding:0 28px; }\r\n    .iopf-hero__title{ font-size:34px; }\r\n    .iopf-hero__chip{ font-size:15px; }\r\n  }\r\n\r\n  @media (max-width: 520px){\r\n    .iopf-hero__inner{ padding:0 16px; }\r\n    .iopf-hero__card{ padding:20px 18px; border-radius:16px; }\r\n    .iopf-hero__title{ font-size:26px; }\r\n    .iopf-hero__chip{ width:100%; }\r\n  }\r\n<\/style>\r\n\t\t\t\t<\/div>\n\t\t\t\t<\/div>\n\t\t\t\t<\/div>\n\t\t\t\t\t<\/div>\n\t\t\t\t<\/div>\n\t\t<div class=\"elementor-element elementor-element-f5c8a14 e-flex e-con-boxed e-con e-parent\" data-id=\"f5c8a14\" data-element_type=\"container\" data-e-type=\"container\" data-settings=\"{&quot;background_background&quot;:&quot;classic&quot;}\">\n\t\t\t\t\t<div class=\"e-con-inner\">\n\t\t<div class=\"elementor-element elementor-element-dfe0500 e-con-full e-flex e-con e-child\" data-id=\"dfe0500\" data-element_type=\"container\" data-e-type=\"container\">\n\t\t\t\t<div class=\"elementor-element elementor-element-40e7503 elementor-widget elementor-widget-image\" data-id=\"40e7503\" data-element_type=\"widget\" data-e-type=\"widget\" data-widget_type=\"image.default\">\n\t\t\t\t<div class=\"elementor-widget-container\">\n\t\t\t\t\t\t\t\t\t\t\t\t\t\t\t<img decoding=\"async\" width=\"1024\" height=\"11\" src=\"https:\/\/buildingonfund.ca\/wp-content\/uploads\/Rectangle-67-1024x11.png\" class=\"attachment-large size-large wp-image-13109\" alt=\"\" srcset=\"https:\/\/buildingonfund.ca\/wp-content\/uploads\/Rectangle-67-1024x11.png 1024w, https:\/\/buildingonfund.ca\/wp-content\/uploads\/Rectangle-67-300x3.png 300w, https:\/\/buildingonfund.ca\/wp-content\/uploads\/Rectangle-67-768x9.png 768w, https:\/\/buildingonfund.ca\/wp-content\/uploads\/Rectangle-67-18x1.png 18w, https:\/\/buildingonfund.ca\/wp-content\/uploads\/Rectangle-67.png 1440w\" sizes=\"(max-width: 1024px) 100vw, 1024px\" \/>\t\t\t\t\t\t\t\t\t\t\t\t\t\t\t<\/div>\n\t\t\t\t<\/div>\n\t\t\t\t<div class=\"elementor-element elementor-element-30576a2 elementor-widget elementor-widget-text-editor\" data-id=\"30576a2\" data-element_type=\"widget\" data-e-type=\"widget\" data-widget_type=\"text-editor.default\">\n\t\t\t\t<div class=\"elementor-widget-container\">\n\t\t\t\t\t\t\t\t\t<h2><span style=\"font-family: Raleway, sans-serif; font-size: 28px;\">Contexte et aper\u00e7u<\/span><\/h2><p><span style=\"font-family: Raleway, sans-serif; font-size: 20px;\">En novembre 2025, le Fonds ontarien pour la construction (FOC) a lanc\u00e9 un appel ouvert invitant des personnes ayant de l\u2019exp\u00e9rience en financement des infrastructures, en d\u00e9veloppement \u00e9conomique autochtone et en engagement communautaire autochtone \u00e0 participer \u00e0 une table ronde consultative technique du Programme de financement pour les initiatives autochtones (PFIA). Des personnes ont \u00e9t\u00e9 s\u00e9lectionn\u00e9es sur la base de leur exp\u00e9rience afin de fournir des perspectives pr\u00e9cieuses qui aideront \u00e0 fa\u00e7onner l\u2019avenir du PFIA \u00e0 mesure qu\u2019elle s\u2019\u00e9tendra \u00e0 de nouveaux secteurs et que davantage d\u2019outils de financement autochtones seront introduits par le FOC.<\/span><\/p><h2><span style=\"font-family: Raleway, sans-serif; font-size: 28px;\">R\u00e9sum\u00e9 de la r\u00e9union<\/span><\/h2><p><span style=\"font-family: Raleway, sans-serif; font-size: 20px;\">La table ronde consultative technique du PFIA a mis en lumi\u00e8re plusieurs th\u00e8mes importants, pr\u00e9sent\u00e9s dans ce r\u00e9sum\u00e9.  Pour la transparence du processus de refonte du PFIA, les perspectives suivantes sont fournies sur la table ronde.<\/span><\/p><h2><span style=\"font-family: Raleway, sans-serif; font-size: 28px;\">Flexibilit\u00e9 dans la couverture de garanties de pr\u00eat<\/span><\/h2><p><span style=\"font-family: Raleway, sans-serif; font-size: 20px;\">Les participants ont soulign\u00e9 la n\u00e9cessit\u00e9 d\u2019une couverture de garantie de pr\u00eat plus flexible, y compris la possibilit\u00e9 d\u2019offrir des garanties \u00e0 100 %, la possibilit\u00e9 de remboursements anticip\u00e9s de pr\u00eats, ainsi que le soutien au refinancement et aux \u00e9changes de taux pour r\u00e9duire les inefficacit\u00e9s de financement. Les participants ont soulign\u00e9 qu\u2019une plus grande transparence et certitude concernant les crit\u00e8res de qualification et les principes de souscription sont essentiels pour les communaut\u00e9s autochtones, les pr\u00eateurs et les investisseurs potentiels. Des r\u00e8gles plus claires et des processus pr\u00e9visibles aideraient \u00e0 attirer de nouveaux capitaux et \u00e0 soutenir une participation plus efficace des communaut\u00e9s autochtones aux grands projets.<\/span><\/p><h2><span style=\"font-family: Raleway, sans-serif; font-size: 28px;\">Expansion du march\u00e9<\/span><\/h2><p><span style=\"font-family: Raleway, sans-serif; font-size: 20px;\">Les participants ont soulign\u00e9 l\u2019importance d\u2019\u00e9largir le march\u00e9 du financement autochtone en offrant des garanties aux projets de construction en terrain \u00e9mergent et en phase initiale, ainsi qu\u2019en soutenant le d\u00e9veloppement immobilier men\u00e9 par les Autochtones tels que le logement et les soins de longue dur\u00e9e. Ils ont \u00e9galement not\u00e9 que davantage de pr\u00eateurs sont n\u00e9cessaires dans ce secteur et ont encourag\u00e9 les efforts pour \u00e9largir le bassin d\u2019institutions financi\u00e8res pr\u00eates \u00e0 financer des projets autochtones. Regrouper plusieurs petits projets dans des ensembles plus grands a \u00e9t\u00e9 identifi\u00e9 comme un moyen de cr\u00e9er des \u00e9conomies d\u2019\u00e9chelle, d\u2019am\u00e9liorer l\u2019efficacit\u00e9 des garanties et de rendre le financement plus attrayant pour les pr\u00eateurs. Dans l\u2019ensemble, ces mesures \u00e9taient consid\u00e9r\u00e9es comme essentielles pour accro\u00eetre l\u2019acc\u00e8s au capital et renforcer la participation autochtone dans tous les secteurs.<\/span><\/p><h2><span style=\"font-family: Raleway, sans-serif; font-size: 28px;\">Financement de la capacit\u00e9<\/span><\/h2><p><span style=\"font-family: Raleway, sans-serif; font-size: 20px;\">Les participants ont soulign\u00e9 un besoin important de financement de capacit\u00e9 pour soutenir les activit\u00e9s pr\u00e9alables au d\u00e9veloppement telles que la diligence raisonnable, la revue juridique et la mod\u00e9lisation financi\u00e8re, notant que de nombreuses communaut\u00e9s autochtones font face \u00e0 des d\u00e9fis aigus lorsqu\u2019elles \u00e9valuent plusieurs propositions de projets simultan\u00e9es sans ressources d\u00e9di\u00e9es. Les participants ont soulign\u00e9 que, contrairement aux partisans du secteur priv\u00e9 qui fournissent souvent ces soutiens, les projets dirig\u00e9s par les Autochtones avancent souvent sans la capacit\u00e9 technique ou financi\u00e8re n\u00e9cessaire. Les participants ont encourag\u00e9 le FOC \u00e0 explorer des outils innovants pour combler cet \u00e9cart, y compris des options comme des billets convertibles ou des ententes de garantie structur\u00e9e pour couvrir les honoraires de conseil et professionnels.<\/span><\/p>\t\t\t\t\t\t\t\t<\/div>\n\t\t\t\t<\/div>\n\t\t\t\t<\/div>\n\t\t\t\t\t<\/div>\n\t\t\t\t<\/div>\n\t\t<div class=\"elementor-element elementor-element-34179d4 e-flex e-con-boxed e-con e-parent\" data-id=\"34179d4\" data-element_type=\"container\" data-e-type=\"container\">\n\t\t\t\t\t<div class=\"e-con-inner\">\n\t\t\t\t<div class=\"elementor-element elementor-element-9c382dd elementor-widget elementor-widget-image\" data-id=\"9c382dd\" data-element_type=\"widget\" data-e-type=\"widget\" data-widget_type=\"image.default\">\n\t\t\t\t<div class=\"elementor-widget-container\">\n\t\t\t\t\t\t\t\t\t\t\t\t\t\t\t<img decoding=\"async\" width=\"1024\" height=\"11\" src=\"https:\/\/buildingonfund.ca\/wp-content\/uploads\/Rectangle-67-1024x11.png\" class=\"attachment-large size-large wp-image-13109\" alt=\"\" srcset=\"https:\/\/buildingonfund.ca\/wp-content\/uploads\/Rectangle-67-1024x11.png 1024w, https:\/\/buildingonfund.ca\/wp-content\/uploads\/Rectangle-67-300x3.png 300w, https:\/\/buildingonfund.ca\/wp-content\/uploads\/Rectangle-67-768x9.png 768w, https:\/\/buildingonfund.ca\/wp-content\/uploads\/Rectangle-67-18x1.png 18w, https:\/\/buildingonfund.ca\/wp-content\/uploads\/Rectangle-67.png 1440w\" sizes=\"(max-width: 1024px) 100vw, 1024px\" \/>\t\t\t\t\t\t\t\t\t\t\t\t\t\t\t<\/div>\n\t\t\t\t<\/div>\n\t\t\t\t\t<\/div>\n\t\t\t\t<\/div>\n\t\t<div class=\"elementor-element elementor-element-d8b7d35 e-flex e-con-boxed e-con e-parent\" data-id=\"d8b7d35\" data-element_type=\"container\" data-e-type=\"container\">\n\t\t\t\t\t<div class=\"e-con-inner\">\n\t\t\t\t<div class=\"elementor-element elementor-element-d0d60a7 elementor-widget elementor-widget-html\" data-id=\"d0d60a7\" data-element_type=\"widget\" data-e-type=\"widget\" data-widget_type=\"html.default\">\n\t\t\t\t<div class=\"elementor-widget-container\">\n\t\t\t\t\t<!-- BOF Row Buttons (scoped, left-aligned, larger text, subtle shadows) -->\n<section id=\"bof-link-row-iofp\" aria-label=\"Helpful resources\">\n  <div class=\"links-grid\">\n\n    <!-- Eligibility -->\n    <a class=\"btn\" href=\"\/fr\/Eligibility-and-Evaluation-Criteria\/\">\n      <span class=\"left\">\n        <span class=\"icon\" aria-hidden=\"true\">\n          <!-- Clipboard -->\n          <svg viewbox=\"0 0 24 24\" width=\"22\" height=\"22\" fill=\"currentColor\">\n            <path d=\"M9 2h6a2 2 0 0 1 2 2h1a2 2 0 0 1 2 2v12a3 3 0 0 1-3 3H7a3 3 0 0 1-3-3V6a2 2 0 0 1 2-2h1a2 2 0 0 1 2-2Z\"\/>\n          <\/svg>\n        <\/span>\n        <span class=\"title\">Crit\u00e8res d\u2019admissibilit\u00e9 et d\u2019\u00e9valuation<\/span>\n      <\/span>\n      <span class=\"chev\" aria-hidden=\"true\">\n        <svg viewbox=\"0 0 24 24\" width=\"20\" height=\"20\" fill=\"currentColor\">\n          <path d=\"M8.47 4.47a.75.75 0 0 1 1.06 0l6 6a.75.75 0 0 1 0 1.06l-6 6a.75.75 0 1 1-1.06-1.06L13.94 12 8.47 6.53a.75.75 0 0 1 0-1.06Z\"\/>\n        <\/svg>\n      <\/span>\n    <\/a>\n\n    <!-- FAQ -->\n    <a class=\"btn\" href=\"\/fr\/faqs-iofp\/\">\n      <span class=\"left\">\n        <span class=\"icon\" aria-hidden=\"true\">\n          <!-- Info Circle (clean FAQ icon) -->\n          <svg viewbox=\"0 0 24 24\" width=\"22\" height=\"22\" fill=\"currentColor\">\n            <path d=\"M12 2a10 10 0 1 1 0 20A10 10 0 0 1 12 2Zm0 4.5a1 1 0 1 0 0 2 1 1 0 0 0 0-2Zm-1.25 4.25a.75.75 0 0 0 0 1.5h.5v5a.75.75 0 0 0 1.5 0v-6a.75.75 0 0 0-.75-.75h-1.25Z\"\/>\n          <\/svg>\n        <\/span>\n        <span class=\"title\">Foire aux questions sur le PFIA<\/span>\n      <\/span>\n      <span class=\"chev\" aria-hidden=\"true\">\n        <svg viewbox=\"0 0 24 24\" width=\"20\" height=\"20\" fill=\"currentColor\">\n          <path d=\"M8.47 4.47a.75.75 0 0 1 1.06 0l6 6a.75.75 0 0 1 0 1.06l-6 6a.75.75 0 1 1-1.06-1.06L13.94 12 8.47 6.53a.75.75 0 0 1 0-1.06Z\"\/>\n        <\/svg>\n      <\/span>\n    <\/a>\n\n    <!-- Fact Sheet -->\n    <a class=\"btn\" href=\"\/fr\/iofp-fact-sheet\/\">\n      <span class=\"left\">\n        <span class=\"icon\" aria-hidden=\"true\">\n          <!-- Document -->\n          <svg viewbox=\"0 0 24 24\" width=\"22\" height=\"22\" fill=\"currentColor\">\n            <path d=\"M7 2h7l5 5v11a4 4 0 0 1-4 4H7a4 4 0 0 1-4-4V6a4 4 0 0 1 4-4Zm9 6h3l-5-5v3a2 2 0 0 0 2 2ZM8 10.5h8a.75.75 0 0 1 0 1.5H8a.75.75 0 0 1 0-1.5Zm0 3h8a.75.75 0 0 1 0 1.5H8a.75.75 0 0 1 0-1.5Z\"\/>\n          <\/svg>\n        <\/span>\n        <span class=\"title\">Fiche d\u2019information du PFIA<\/span>\n      <\/span>\n      <span class=\"chev\" aria-hidden=\"true\">\n        <svg viewbox=\"0 0 24 24\" width=\"20\" height=\"20\" fill=\"currentColor\">\n          <path d=\"M8.47 4.47a.75.75 0 0 1 1.06 0l6 6a.75.75 0 0 1 0 1.06l-6 6a.75.75 0 1 1-1.06-1.06L13.94 12 8.47 6.53a.75.75 0 0 1 0-1.06Z\"\/>\n        <\/svg>\n      <\/span>\n    <\/a>\n\n  <\/div>\n<\/section>\n\n<style>\n  \/* Scoped styles *\/\n  #bof-link-row-iofp {\n    --blue: #047BC1;\n    --blue-dark: #025b8a;\n    --text: #0a0a0a;\n    --ring: rgba(4,123,193,.35);\n    --radius: 12px;\n    font-family: 'Raleway', sans-serif;\n    background: #fff;\n    padding: clamp(12px, 1.2vw, 18px) clamp(8px, 1.2vw, 14px);\n  }\n\n  #bof-link-row-iofp .links-grid {\n    display: grid;\n    grid-template-columns: repeat(auto-fit, minmax(320px, 1fr));\n    gap: clamp(10px, 1.4vw, 16px);\n    max-width: 1600px;\n    margin: 0 auto;\n    width: 100%;\n  }\n\n  #bof-link-row-iofp .btn {\n    display: flex;\n    align-items: center;\n    justify-content: space-between;\n    gap: 16px;\n    padding: 16px 22px;\n    background: #fff;\n    border: 1px solid #e3e9ee;\n    border-radius: var(--radius);\n    box-shadow: 0 2px 8px rgba(0, 0, 0, .06);\n    text-decoration: none;\n    color: var(--text);\n    transition: transform .25s ease, box-shadow .25s ease, border-color .25s ease;\n    min-height: 64px;\n    text-align: left; \/* ensures full button aligns left *\/\n  }\n\n  #bof-link-row-iofp .btn:hover {\n    transform: translateY(-2px);\n    border-color: var(--blue);\n    box-shadow: 0 8px 18px rgba(4, 123, 193, .16);\n  }\n\n  #bof-link-row-iofp .btn:focus-visible {\n    outline: none;\n    box-shadow: 0 0 0 4px var(--ring);\n  }\n\n  #bof-link-row-iofp .left {\n    display: flex;\n    align-items: center;\n    gap: 14px;\n    flex: 1;\n    justify-content: flex-start;\n    text-align: left;\n  }\n\n  #bof-link-row-iofp .icon {\n    width: 44px;\n    height: 44px;\n    border-radius: 50%;\n    background: var(--blue);\n    color: #fff;\n    display: flex;\n    align-items: center;\n    justify-content: center;\n    box-shadow: inset 0 -4px 8px rgba(0, 0, 0, .12);\n    flex-shrink: 0;\n  }\n\n  #bof-link-row-iofp .title {\n    font-size: clamp(20px, 1.6vw, 24px);\n    font-weight: 500;\n    line-height: 1.25;\n    color: var(--blue-dark);\n    white-space: normal;\n    text-align: left;\n  }\n\n  #bof-link-row-iofp .btn:hover .title {\n    color: var(--blue);\n  }\n\n  #bof-link-row-iofp .chev {\n    display: inline-flex;\n    align-items: center;\n    opacity: .75;\n    transition: transform .25s ease, opacity .25s ease;\n    flex-shrink: 0;\n  }\n\n  #bof-link-row-iofp .btn:hover .chev {\n    transform: translateX(3px);\n    opacity: 1;\n  }\n\n  @media (max-width: 640px) {\n    #bof-link-row-iofp .btn {\n      min-height: 58px;\n      padding: 12px 14px;\n    }\n    #bof-link-row-iofp .icon {\n      width: 40px;\n      height: 40px;\n    }\n    #bof-link-row-iofp .title {\n      font-size: 18px;\n    }\n  }\n<\/style>\n\n<link href=\"https:\/\/fonts.googleapis.com\/css2?family=Raleway:wght@500;600;700&display=swap\" rel=\"stylesheet\">\n\t\t\t\t<\/div>\n\t\t\t\t<\/div>\n\t\t\t\t\t<\/div>\n\t\t\t\t<\/div>\n\t\t<div class=\"elementor-element elementor-element-a77290c e-flex e-con-boxed e-con e-parent\" data-id=\"a77290c\" data-element_type=\"container\" data-e-type=\"container\">\n\t\t\t\t\t<div class=\"e-con-inner\">\n\t\t<div class=\"elementor-element elementor-element-bf8dc14 e-con-full e-flex e-con e-child\" data-id=\"bf8dc14\" data-element_type=\"container\" data-e-type=\"container\" data-settings=\"{&quot;background_background&quot;:&quot;classic&quot;}\">\n\t\t<div class=\"elementor-element elementor-element-86ad293 e-flex e-con-boxed e-con e-child\" data-id=\"86ad293\" data-element_type=\"container\" data-e-type=\"container\" data-settings=\"{&quot;background_background&quot;:&quot;classic&quot;}\">\n\t\t\t\t\t<div class=\"e-con-inner\">\n\t\t\t\t<div class=\"elementor-element elementor-element-ce0133e elementor-widget__width-initial elementor-widget elementor-widget-heading\" data-id=\"ce0133e\" data-element_type=\"widget\" data-e-type=\"widget\" data-widget_type=\"heading.default\">\n\t\t\t\t<div class=\"elementor-widget-container\">\n\t\t\t\t\t<h2 class=\"elementor-heading-title elementor-size-default\">Si vous d\u00e9sirez en savoir plus :<\/h2>\t\t\t\t<\/div>\n\t\t\t\t<\/div>\n\t\t\t\t<div class=\"elementor-element elementor-element-21ebc6d elementor-widget__width-initial elementor-widget elementor-widget-heading\" data-id=\"21ebc6d\" data-element_type=\"widget\" data-e-type=\"widget\" data-widget_type=\"heading.default\">\n\t\t\t\t<div class=\"elementor-widget-container\">\n\t\t\t\t\t<h2 class=\"elementor-heading-title elementor-size-default\"><a href=\"mailto:project@buildingonfund.ca\">iofp@buildingonfund.ca<\/a><\/h2>\t\t\t\t<\/div>\n\t\t\t\t<\/div>\n\t\t\t\t\t<\/div>\n\t\t\t\t<\/div>\n\t\t\t\t<\/div>\n\t\t\t\t\t<\/div>\n\t\t\t\t<\/div>\n\t\t\t\t<\/div>","protected":false},"excerpt":{"rendered":"<p>IOFP Technical Advisory Roundtable Thursday November 27 2025 1:00 pm \u2013 3:00 pm ET Ontario Investment and Trade Centre &#038;nbsp(Hybrid) Background &amp; Overview In November 2025 Building Ontario Fund (BOF) launched an open call inviting individuals with experience in infrastructure financing, Indigenous economic development, and Indigenous community engagement to participate in an Indigenous Opportunities Financing [&hellip;]<\/p>\n","protected":false},"author":2,"featured_media":0,"parent":0,"menu_order":0,"comment_status":"closed","ping_status":"closed","template":"","meta":{"_acf_changed":false,"footnotes":""},"class_list":["post-18955","page","type-page","status-publish","hentry"],"acf":[],"_links":{"self":[{"href":"https:\/\/buildingonfund.ca\/fr\/wp-json\/wp\/v2\/pages\/18955","targetHints":{"allow":["GET"]}}],"collection":[{"href":"https:\/\/buildingonfund.ca\/fr\/wp-json\/wp\/v2\/pages"}],"about":[{"href":"https:\/\/buildingonfund.ca\/fr\/wp-json\/wp\/v2\/types\/page"}],"author":[{"embeddable":true,"href":"https:\/\/buildingonfund.ca\/fr\/wp-json\/wp\/v2\/users\/2"}],"replies":[{"embeddable":true,"href":"https:\/\/buildingonfund.ca\/fr\/wp-json\/wp\/v2\/comments?post=18955"}],"version-history":[{"count":5,"href":"https:\/\/buildingonfund.ca\/fr\/wp-json\/wp\/v2\/pages\/18955\/revisions"}],"predecessor-version":[{"id":20113,"href":"https:\/\/buildingonfund.ca\/fr\/wp-json\/wp\/v2\/pages\/18955\/revisions\/20113"}],"wp:attachment":[{"href":"https:\/\/buildingonfund.ca\/fr\/wp-json\/wp\/v2\/media?parent=18955"}],"curies":[{"name":"wp","href":"https:\/\/api.w.org\/{rel}","templated":true}]}}