{"id":8107,"date":"2024-01-23T14:02:51","date_gmt":"2024-01-23T19:02:51","guid":{"rendered":"https:\/\/oibank.ca\/careers\/"},"modified":"2026-02-09T10:26:17","modified_gmt":"2026-02-09T15:26:17","slug":"careers","status":"publish","type":"page","link":"https:\/\/buildingonfund.ca\/fr\/careers\/","title":{"rendered":"Carri\u00e8res"},"content":{"rendered":"<div data-elementor-type=\"wp-page\" data-elementor-id=\"8107\" class=\"elementor elementor-8107\" data-elementor-post-type=\"page\">\n\t\t\t\t<div class=\"elementor-element elementor-element-6043e0d e-con-full e-flex e-con e-parent\" data-id=\"6043e0d\" data-element_type=\"container\" data-e-type=\"container\">\n\t\t\t\t<div class=\"elementor-element elementor-element-ad76858 elementor-widget elementor-widget-image\" data-id=\"ad76858\" data-element_type=\"widget\" data-e-type=\"widget\" data-widget_type=\"image.default\">\n\t\t\t\t<div class=\"elementor-widget-container\">\n\t\t\t\t\t\t\t\t\t\t\t\t\t\t\t<img decoding=\"async\" width=\"1024\" height=\"11\" src=\"https:\/\/buildingonfund.ca\/wp-content\/uploads\/Rectangle-67-1024x11.png\" class=\"attachment-large size-large wp-image-13109\" alt=\"\" srcset=\"https:\/\/buildingonfund.ca\/wp-content\/uploads\/Rectangle-67-1024x11.png 1024w, https:\/\/buildingonfund.ca\/wp-content\/uploads\/Rectangle-67-300x3.png 300w, https:\/\/buildingonfund.ca\/wp-content\/uploads\/Rectangle-67-768x9.png 768w, https:\/\/buildingonfund.ca\/wp-content\/uploads\/Rectangle-67-18x1.png 18w, https:\/\/buildingonfund.ca\/wp-content\/uploads\/Rectangle-67.png 1440w\" sizes=\"(max-width: 1024px) 100vw, 1024px\" \/>\t\t\t\t\t\t\t\t\t\t\t\t\t\t\t<\/div>\n\t\t\t\t<\/div>\n\t\t\t\t<\/div>\n\t\t<div class=\"elementor-element elementor-element-259c6060 e-flex e-con-boxed e-con e-parent\" data-id=\"259c6060\" data-element_type=\"container\" data-e-type=\"container\">\n\t\t\t\t\t<div class=\"e-con-inner\">\n\t\t<div class=\"elementor-element elementor-element-1c725743 e-con-full e-flex e-con e-child\" data-id=\"1c725743\" data-element_type=\"container\" data-e-type=\"container\" data-settings=\"{&quot;background_background&quot;:&quot;classic&quot;}\">\n\t\t<div class=\"elementor-element elementor-element-772dfca e-con-full e-flex e-con e-child\" data-id=\"772dfca\" data-element_type=\"container\" data-e-type=\"container\" data-settings=\"{&quot;background_background&quot;:&quot;classic&quot;}\">\n\t\t<div class=\"elementor-element elementor-element-5cd78b7a e-con-full e-flex e-con e-child\" data-id=\"5cd78b7a\" data-element_type=\"container\" data-e-type=\"container\" data-settings=\"{&quot;background_background&quot;:&quot;classic&quot;}\">\n\t\t\t\t<div class=\"elementor-element elementor-element-295f781a elementor-widget elementor-widget-button\" data-id=\"295f781a\" data-element_type=\"widget\" data-e-type=\"widget\" data-widget_type=\"button.default\">\n\t\t\t\t<div class=\"elementor-widget-container\">\n\t\t\t\t\t\t\t\t\t<div class=\"elementor-button-wrapper\">\n\t\t\t\t\t<a class=\"elementor-button elementor-button-link elementor-size-sm\" href=\"https:\/\/buildingonfund.ca\/fr\/\">\n\t\t\t\t\t\t<span class=\"elementor-button-content-wrapper\">\n\t\t\t\t\t\t\t\t\t<span class=\"elementor-button-text\">Page d\u2019accueil<\/span>\n\t\t\t\t\t<\/span>\n\t\t\t\t\t<\/a>\n\t\t\t\t<\/div>\n\t\t\t\t\t\t\t\t<\/div>\n\t\t\t\t<\/div>\n\t\t\t\t<div class=\"elementor-element elementor-element-35638466 elementor-widget elementor-widget-image\" data-id=\"35638466\" data-element_type=\"widget\" data-e-type=\"widget\" data-widget_type=\"image.default\">\n\t\t\t\t<div class=\"elementor-widget-container\">\n\t\t\t\t\t\t\t\t\t\t\t\t\t\t\t<img decoding=\"async\" width=\"1\" height=\"1\" src=\"https:\/\/buildingonfund.ca\/wp-content\/uploads\/Frame-95-2011816.svg\" class=\"attachment-large size-large wp-image-13561\" alt=\"\" \/>\t\t\t\t\t\t\t\t\t\t\t\t\t\t\t<\/div>\n\t\t\t\t<\/div>\n\t\t\t\t<div class=\"elementor-element elementor-element-2d12e3c2 elementor-widget elementor-widget-button\" data-id=\"2d12e3c2\" data-element_type=\"widget\" data-e-type=\"widget\" data-widget_type=\"button.default\">\n\t\t\t\t<div class=\"elementor-widget-container\">\n\t\t\t\t\t\t\t\t\t<div class=\"elementor-button-wrapper\">\n\t\t\t\t\t<a class=\"elementor-button elementor-button-link elementor-size-sm\" href=\"#\">\n\t\t\t\t\t\t<span class=\"elementor-button-content-wrapper\">\n\t\t\t\t\t\t\t\t\t<span class=\"elementor-button-text\">Carri\u00e8res<\/span>\n\t\t\t\t\t<\/span>\n\t\t\t\t\t<\/a>\n\t\t\t\t<\/div>\n\t\t\t\t\t\t\t\t<\/div>\n\t\t\t\t<\/div>\n\t\t\t\t<\/div>\n\t\t\t\t<\/div>\n\t\t\t\t<div class=\"elementor-element elementor-element-3d2111b2 elementor-widget__width-initial elementor-widget elementor-widget-heading\" data-id=\"3d2111b2\" data-element_type=\"widget\" data-e-type=\"widget\" data-widget_type=\"heading.default\">\n\t\t\t\t<div class=\"elementor-widget-container\">\n\t\t\t\t\t<h2 class=\"elementor-heading-title elementor-size-default\">Carri\u00e8res<\/h2>\t\t\t\t<\/div>\n\t\t\t\t<\/div>\n\t\t\t\t<\/div>\n\t\t\t\t\t<\/div>\n\t\t\t\t<\/div>\n\t\t<div class=\"elementor-element elementor-element-0427ea3 e-con-full e-flex e-con e-parent\" data-id=\"0427ea3\" data-element_type=\"container\" data-e-type=\"container\">\n\t\t\t\t<div class=\"elementor-element elementor-element-7d6173f elementor-widget elementor-widget-image\" data-id=\"7d6173f\" data-element_type=\"widget\" data-e-type=\"widget\" data-widget_type=\"image.default\">\n\t\t\t\t<div class=\"elementor-widget-container\">\n\t\t\t\t\t\t\t\t\t\t\t\t\t\t\t<img decoding=\"async\" width=\"1024\" height=\"11\" src=\"https:\/\/buildingonfund.ca\/wp-content\/uploads\/Rectangle-67-1024x11.png\" class=\"attachment-large size-large wp-image-13109\" alt=\"\" srcset=\"https:\/\/buildingonfund.ca\/wp-content\/uploads\/Rectangle-67-1024x11.png 1024w, https:\/\/buildingonfund.ca\/wp-content\/uploads\/Rectangle-67-300x3.png 300w, https:\/\/buildingonfund.ca\/wp-content\/uploads\/Rectangle-67-768x9.png 768w, https:\/\/buildingonfund.ca\/wp-content\/uploads\/Rectangle-67-18x1.png 18w, https:\/\/buildingonfund.ca\/wp-content\/uploads\/Rectangle-67.png 1440w\" sizes=\"(max-width: 1024px) 100vw, 1024px\" \/>\t\t\t\t\t\t\t\t\t\t\t\t\t\t\t<\/div>\n\t\t\t\t<\/div>\n\t\t\t\t<\/div>\n\t\t<div class=\"elementor-element elementor-element-6ed550c e-flex e-con-boxed e-con e-parent\" data-id=\"6ed550c\" data-element_type=\"container\" data-e-type=\"container\">\n\t\t\t\t\t<div class=\"e-con-inner\">\n\t\t\t\t<div class=\"elementor-element elementor-element-994a902 elementor-widget elementor-widget-heading\" data-id=\"994a902\" data-element_type=\"widget\" data-e-type=\"widget\" data-widget_type=\"heading.default\">\n\t\t\t\t<div class=\"elementor-widget-container\">\n\t\t\t\t\t<h2 class=\"elementor-heading-title elementor-size-default\">Merci de manifester votre int\u00e9r\u00eat pour faire partie de notre \u00e9quipe.<\/h2>\t\t\t\t<\/div>\n\t\t\t\t<\/div>\n\t\t\t\t<div class=\"elementor-element elementor-element-0562e7a elementor-widget elementor-widget-text-editor\" data-id=\"0562e7a\" data-element_type=\"widget\" data-e-type=\"widget\" data-widget_type=\"text-editor.default\">\n\t\t\t\t<div class=\"elementor-widget-container\">\n\t\t\t\t\t\t\t\t\t<p><span style=\"font-size: 20px; color: #000000;\">Building Ontario Fund is committed to diversity, transparency and inclusion. We believe our strength comes from having a team with the right diverse skills, experiences and abilities selected through a merit-based competitive process. We actively encourage applications from people regardless of nationality, religion, gender, race, disability or sexual orientation.<\/span><\/p><p><span style=\"font-size: 20px; color: #000000;\">La s\u00e9lection des candidats sera bas\u00e9e sur les \u00e9l\u00e9ments suivants, mais n\u2019y sera pas limit\u00e9e : comp\u00e9tences techniques, solide exp\u00e9rience dans les secteurs pertinents et parcours acad\u00e9mique. Le Fonds ontarien pour la construction a toute la latitude pour affecter les candidats \u00e0 des postes correspondant \u00e0 leur formation et \u00e0 leur exp\u00e9rience.<\/span><\/p><p><span style=\"font-size: 20px; color: #000000;\">Vous trouverez ci-dessous une liste des postes \u00e0 pourvoir. Si vous ne trouvez pas un poste qui vous convient dans notre liste actuelle, veuillez continuer \u00e0 consulter notre site, car de nouvelles possibilit\u00e9s seront ajout\u00e9es.<\/span><\/p><p><span style=\"font-size: 20px; color: #000000;\">Tous les postes list\u00e9s ci-dessous constituent des possibilit\u00e9s de recrutement.<\/span><\/p>\t\t\t\t\t\t\t\t<\/div>\n\t\t\t\t<\/div>\n\t\t\t\t\t<\/div>\n\t\t\t\t<\/div>\n\t\t\t\t<\/div>","protected":false},"excerpt":{"rendered":"<p>Home Careers Careers Thank you for your interest in joining our team. Building Ontario Fund is committed to diversity, transparency and inclusion. We believe our strength comes from having a team with the right diverse skills, experiences and abilities selected through a merit-based competitive process. We actively encourage applications from people regardless of nationality, religion, [&hellip;]<\/p>\n","protected":false},"author":1,"featured_media":0,"parent":0,"menu_order":0,"comment_status":"closed","ping_status":"closed","template":"","meta":{"_acf_changed":false,"footnotes":""},"class_list":["post-8107","page","type-page","status-publish","hentry"],"acf":[],"_links":{"self":[{"href":"https:\/\/buildingonfund.ca\/fr\/wp-json\/wp\/v2\/pages\/8107","targetHints":{"allow":["GET"]}}],"collection":[{"href":"https:\/\/buildingonfund.ca\/fr\/wp-json\/wp\/v2\/pages"}],"about":[{"href":"https:\/\/buildingonfund.ca\/fr\/wp-json\/wp\/v2\/types\/page"}],"author":[{"embeddable":true,"href":"https:\/\/buildingonfund.ca\/fr\/wp-json\/wp\/v2\/users\/1"}],"replies":[{"embeddable":true,"href":"https:\/\/buildingonfund.ca\/fr\/wp-json\/wp\/v2\/comments?post=8107"}],"version-history":[{"count":5,"href":"https:\/\/buildingonfund.ca\/fr\/wp-json\/wp\/v2\/pages\/8107\/revisions"}],"predecessor-version":[{"id":20924,"href":"https:\/\/buildingonfund.ca\/fr\/wp-json\/wp\/v2\/pages\/8107\/revisions\/20924"}],"wp:attachment":[{"href":"https:\/\/buildingonfund.ca\/fr\/wp-json\/wp\/v2\/media?parent=8107"}],"curies":[{"name":"wp","href":"https:\/\/api.w.org\/{rel}","templated":true}]}}